{"id":129,"date":"2015-01-13T16:02:50","date_gmt":"2015-01-13T16:02:50","guid":{"rendered":"http:\/\/www.hotelrivierasanbenedetto.it\/de\/?page_id=129"},"modified":"2025-01-29T18:28:37","modified_gmt":"2025-01-29T18:28:37","slug":"strand","status":"publish","type":"page","link":"https:\/\/www.hotelrivierasanbenedetto.it\/de\/strand","title":{"rendered":"Strand"},"content":{"rendered":"<p><strong>Bitte kontaktieren Sie uns unter 0735.780847, um detaillierte Informationen zu den verf\u00fcgbaren Diensten zu erhalten.<\/strong><\/p>\n<h3>Strandbar Blumarine<\/h3>\n<p>Unser Privatstrand verf\u00fcgt \u00fcber eine hei\u00dfe Dusche.<br \/>\nUnsere Sonnenschirme haben einen Abstand von 4 m und 3 m pro Reihe, um w\u00e4hrend Ihres Aufenthaltes am Strand mehr Privatsph\u00e4re zu gew\u00e4hrleisten.<br \/>\nDas Lokal verf\u00fcgt \u00fcber eine gut sortierte Bar.<\/p>\n<p>F\u00fcr jedes Einzelzimmer sind 1 Sonnenschirm und 2 Sonnenliegen reserviert.<br \/>\nDrittes Kinderbett, Aufpreis von 10,00 Euro mehr pro Tag.<\/p>\n<h3>Blumarine Restaurant<\/h3>\n<p>Das Strandrestaurant verf\u00fcgt \u00fcber ein mittags ge\u00f6ffnetes Restaurant mit einer Auswahl an Fischgerichten.<\/p>\n<p>Eine Erm\u00e4\u00dfigung von 15 % ist f\u00fcr Hotelkunden reserviert, die das Restaurant nutzen m\u00f6chten (Kunden verf\u00fcgen \u00fcber eine Rabattkarte).<\/p>\n<h3>Pizzeria Holzofen<\/h3>\n<p>Im Blumarine Restaurant k\u00f6nnen Sie auch hervorragende Pizza genie\u00dfen.<br \/>\nDie Pizzeria ist im Juni und September nur zum Abendessen ge\u00f6ffnet.<\/p>\n<p>F\u00fcr Hotelg\u00e4ste (G\u00e4ste haben Zugriff auf die Rabattkarte) ist eine Erm\u00e4\u00dfigung von 15 % reserviert.<\/p>\n","protected":false},"excerpt":{"rendered":"<p>Bitte kontaktieren Sie uns unter 0735.780847, um detaillierte Informationen zu den verf\u00fcgbaren Diensten zu erhalten. Strandbar Blumarine Unser Privatstrand verf\u00fcgt \u00fcber eine hei\u00dfe Dusche. Unsere Sonnenschirme haben einen Abstand von 4 m und 3 m pro Reihe, um w\u00e4hrend Ihres Aufenthaltes am Strand mehr Privatsph\u00e4re zu gew\u00e4hrleisten. Das Lokal verf\u00fcgt \u00fcber eine gut sortierte Bar. [&hellip;]<\/p>\n","protected":false},"author":1,"featured_media":251,"parent":0,"menu_order":0,"comment_status":"open","ping_status":"open","template":"page-camere.php","meta":{"_acf_changed":false,"footnotes":""},"class_list":["post-129","page","type-page","status-publish","has-post-thumbnail","hentry"],"acf":[],"yoast_head":"<!-- This site is optimized with the Yoast SEO plugin v27.5 - https:\/\/yoast.com\/product\/yoast-seo-wordpress\/ -->\n<title>Strand hotel San Benedetto del Tronto - Hotel Riviera<\/title>\n<meta name=\"description\" content=\"Unser Privatstrand bietet Spiele f\u00fcr Kinder und WLAN. Abends verwandelt sich das Chalet in die Don Franchino Pizzeria Gourmet.\" \/>\n<meta name=\"robots\" content=\"index, follow, max-snippet:-1, max-image-preview:large, max-video-preview:-1\" \/>\n<link rel=\"canonical\" href=\"https:\/\/www.hotelrivierasanbenedetto.it\/de\/strand\" \/>\n<meta property=\"og:locale\" content=\"de_DE\" \/>\n<meta property=\"og:type\" content=\"article\" \/>\n<meta property=\"og:title\" content=\"Strand hotel San Benedetto del Tronto - Hotel Riviera\" \/>\n<meta property=\"og:description\" content=\"Unser Privatstrand bietet Spiele f\u00fcr Kinder und WLAN. Abends verwandelt sich das Chalet in die Don Franchino Pizzeria Gourmet.\" \/>\n<meta property=\"og:url\" content=\"https:\/\/www.hotelrivierasanbenedetto.it\/de\/strand\" \/>\n<meta property=\"og:site_name\" content=\"Hotel Riviera San Benedetto DE\" \/>\n<meta property=\"article:modified_time\" content=\"2025-01-29T18:28:37+00:00\" \/>\n<meta property=\"og:image\" content=\"https:\/\/www.hotelrivierasanbenedetto.it\/de\/wp-content\/uploads\/sites\/3\/2015\/01\/Strand-Pan-Hotel-Riviera-SBT.jpg\" \/>\n\t<meta property=\"og:image:width\" content=\"700\" \/>\n\t<meta property=\"og:image:height\" content=\"300\" \/>\n\t<meta property=\"og:image:type\" content=\"image\/jpeg\" \/>\n<meta name=\"twitter:label1\" content=\"Est. reading time\" \/>\n\t<meta name=\"twitter:data1\" content=\"1 minute\" \/>\n<script type=\"application\/ld+json\" class=\"yoast-schema-graph\">{\"@context\":\"https:\\\/\\\/schema.org\",\"@graph\":[{\"@type\":\"WebPage\",\"@id\":\"https:\\\/\\\/www.hotelrivierasanbenedetto.it\\\/de\\\/strand\",\"url\":\"https:\\\/\\\/www.hotelrivierasanbenedetto.it\\\/de\\\/strand\",\"name\":\"Strand hotel San Benedetto del Tronto - Hotel Riviera\",\"isPartOf\":{\"@id\":\"https:\\\/\\\/www.hotelrivierasanbenedetto.it\\\/de\\\/#website\"},\"primaryImageOfPage\":{\"@id\":\"https:\\\/\\\/www.hotelrivierasanbenedetto.it\\\/de\\\/strand#primaryimage\"},\"image\":{\"@id\":\"https:\\\/\\\/www.hotelrivierasanbenedetto.it\\\/de\\\/strand#primaryimage\"},\"thumbnailUrl\":\"https:\\\/\\\/www.hotelrivierasanbenedetto.it\\\/de\\\/wp-content\\\/uploads\\\/sites\\\/3\\\/2015\\\/01\\\/Strand-Pan-Hotel-Riviera-SBT.jpg\",\"datePublished\":\"2015-01-13T16:02:50+00:00\",\"dateModified\":\"2025-01-29T18:28:37+00:00\",\"description\":\"Unser Privatstrand bietet Spiele f\u00fcr Kinder und WLAN. Abends verwandelt sich das Chalet in die Don Franchino Pizzeria Gourmet.\",\"breadcrumb\":{\"@id\":\"https:\\\/\\\/www.hotelrivierasanbenedetto.it\\\/de\\\/strand#breadcrumb\"},\"inLanguage\":\"de-DE\",\"potentialAction\":[{\"@type\":\"ReadAction\",\"target\":[\"https:\\\/\\\/www.hotelrivierasanbenedetto.it\\\/de\\\/strand\"]}]},{\"@type\":\"ImageObject\",\"inLanguage\":\"de-DE\",\"@id\":\"https:\\\/\\\/www.hotelrivierasanbenedetto.it\\\/de\\\/strand#primaryimage\",\"url\":\"https:\\\/\\\/www.hotelrivierasanbenedetto.it\\\/de\\\/wp-content\\\/uploads\\\/sites\\\/3\\\/2015\\\/01\\\/Strand-Pan-Hotel-Riviera-SBT.jpg\",\"contentUrl\":\"https:\\\/\\\/www.hotelrivierasanbenedetto.it\\\/de\\\/wp-content\\\/uploads\\\/sites\\\/3\\\/2015\\\/01\\\/Strand-Pan-Hotel-Riviera-SBT.jpg\",\"width\":700,\"height\":300},{\"@type\":\"BreadcrumbList\",\"@id\":\"https:\\\/\\\/www.hotelrivierasanbenedetto.it\\\/de\\\/strand#breadcrumb\",\"itemListElement\":[{\"@type\":\"ListItem\",\"position\":1,\"name\":\"Home\",\"item\":\"https:\\\/\\\/www.hotelrivierasanbenedetto.it\\\/de\\\/\"},{\"@type\":\"ListItem\",\"position\":2,\"name\":\"Strand\"}]},{\"@type\":\"WebSite\",\"@id\":\"https:\\\/\\\/www.hotelrivierasanbenedetto.it\\\/de\\\/#website\",\"url\":\"https:\\\/\\\/www.hotelrivierasanbenedetto.it\\\/de\\\/\",\"name\":\"Hotel Riviera San Benedetto DE\",\"description\":\"Ecco un altro sito Hotel Riviera San Benedetto Siti\",\"potentialAction\":[{\"@type\":\"SearchAction\",\"target\":{\"@type\":\"EntryPoint\",\"urlTemplate\":\"https:\\\/\\\/www.hotelrivierasanbenedetto.it\\\/de\\\/?s={search_term_string}\"},\"query-input\":{\"@type\":\"PropertyValueSpecification\",\"valueRequired\":true,\"valueName\":\"search_term_string\"}}],\"inLanguage\":\"de-DE\"}]}<\/script>\n<!-- \/ Yoast SEO plugin. -->","yoast_head_json":{"title":"Strand hotel San Benedetto del Tronto - Hotel Riviera","description":"Unser Privatstrand bietet Spiele f\u00fcr Kinder und WLAN. Abends verwandelt sich das Chalet in die Don Franchino Pizzeria Gourmet.","robots":{"index":"index","follow":"follow","max-snippet":"max-snippet:-1","max-image-preview":"max-image-preview:large","max-video-preview":"max-video-preview:-1"},"canonical":"https:\/\/www.hotelrivierasanbenedetto.it\/de\/strand","og_locale":"de_DE","og_type":"article","og_title":"Strand hotel San Benedetto del Tronto - Hotel Riviera","og_description":"Unser Privatstrand bietet Spiele f\u00fcr Kinder und WLAN. Abends verwandelt sich das Chalet in die Don Franchino Pizzeria Gourmet.","og_url":"https:\/\/www.hotelrivierasanbenedetto.it\/de\/strand","og_site_name":"Hotel Riviera San Benedetto DE","article_modified_time":"2025-01-29T18:28:37+00:00","og_image":[{"width":700,"height":300,"url":"https:\/\/www.hotelrivierasanbenedetto.it\/de\/wp-content\/uploads\/sites\/3\/2015\/01\/Strand-Pan-Hotel-Riviera-SBT.jpg","type":"image\/jpeg"}],"twitter_misc":{"Est. reading time":"1 minute"},"schema":{"@context":"https:\/\/schema.org","@graph":[{"@type":"WebPage","@id":"https:\/\/www.hotelrivierasanbenedetto.it\/de\/strand","url":"https:\/\/www.hotelrivierasanbenedetto.it\/de\/strand","name":"Strand hotel San Benedetto del Tronto - Hotel Riviera","isPartOf":{"@id":"https:\/\/www.hotelrivierasanbenedetto.it\/de\/#website"},"primaryImageOfPage":{"@id":"https:\/\/www.hotelrivierasanbenedetto.it\/de\/strand#primaryimage"},"image":{"@id":"https:\/\/www.hotelrivierasanbenedetto.it\/de\/strand#primaryimage"},"thumbnailUrl":"https:\/\/www.hotelrivierasanbenedetto.it\/de\/wp-content\/uploads\/sites\/3\/2015\/01\/Strand-Pan-Hotel-Riviera-SBT.jpg","datePublished":"2015-01-13T16:02:50+00:00","dateModified":"2025-01-29T18:28:37+00:00","description":"Unser Privatstrand bietet Spiele f\u00fcr Kinder und WLAN. Abends verwandelt sich das Chalet in die Don Franchino Pizzeria Gourmet.","breadcrumb":{"@id":"https:\/\/www.hotelrivierasanbenedetto.it\/de\/strand#breadcrumb"},"inLanguage":"de-DE","potentialAction":[{"@type":"ReadAction","target":["https:\/\/www.hotelrivierasanbenedetto.it\/de\/strand"]}]},{"@type":"ImageObject","inLanguage":"de-DE","@id":"https:\/\/www.hotelrivierasanbenedetto.it\/de\/strand#primaryimage","url":"https:\/\/www.hotelrivierasanbenedetto.it\/de\/wp-content\/uploads\/sites\/3\/2015\/01\/Strand-Pan-Hotel-Riviera-SBT.jpg","contentUrl":"https:\/\/www.hotelrivierasanbenedetto.it\/de\/wp-content\/uploads\/sites\/3\/2015\/01\/Strand-Pan-Hotel-Riviera-SBT.jpg","width":700,"height":300},{"@type":"BreadcrumbList","@id":"https:\/\/www.hotelrivierasanbenedetto.it\/de\/strand#breadcrumb","itemListElement":[{"@type":"ListItem","position":1,"name":"Home","item":"https:\/\/www.hotelrivierasanbenedetto.it\/de\/"},{"@type":"ListItem","position":2,"name":"Strand"}]},{"@type":"WebSite","@id":"https:\/\/www.hotelrivierasanbenedetto.it\/de\/#website","url":"https:\/\/www.hotelrivierasanbenedetto.it\/de\/","name":"Hotel Riviera San Benedetto DE","description":"Ecco un altro sito Hotel Riviera San Benedetto Siti","potentialAction":[{"@type":"SearchAction","target":{"@type":"EntryPoint","urlTemplate":"https:\/\/www.hotelrivierasanbenedetto.it\/de\/?s={search_term_string}"},"query-input":{"@type":"PropertyValueSpecification","valueRequired":true,"valueName":"search_term_string"}}],"inLanguage":"de-DE"}]}},"_links":{"self":[{"href":"https:\/\/www.hotelrivierasanbenedetto.it\/de\/wp-json\/wp\/v2\/pages\/129","targetHints":{"allow":["GET"]}}],"collection":[{"href":"https:\/\/www.hotelrivierasanbenedetto.it\/de\/wp-json\/wp\/v2\/pages"}],"about":[{"href":"https:\/\/www.hotelrivierasanbenedetto.it\/de\/wp-json\/wp\/v2\/types\/page"}],"author":[{"embeddable":true,"href":"https:\/\/www.hotelrivierasanbenedetto.it\/de\/wp-json\/wp\/v2\/users\/1"}],"replies":[{"embeddable":true,"href":"https:\/\/www.hotelrivierasanbenedetto.it\/de\/wp-json\/wp\/v2\/comments?post=129"}],"version-history":[{"count":18,"href":"https:\/\/www.hotelrivierasanbenedetto.it\/de\/wp-json\/wp\/v2\/pages\/129\/revisions"}],"predecessor-version":[{"id":580,"href":"https:\/\/www.hotelrivierasanbenedetto.it\/de\/wp-json\/wp\/v2\/pages\/129\/revisions\/580"}],"wp:featuredmedia":[{"embeddable":true,"href":"https:\/\/www.hotelrivierasanbenedetto.it\/de\/wp-json\/wp\/v2\/media\/251"}],"wp:attachment":[{"href":"https:\/\/www.hotelrivierasanbenedetto.it\/de\/wp-json\/wp\/v2\/media?parent=129"}],"curies":[{"name":"wp","href":"https:\/\/api.w.org\/{rel}","templated":true}]}}