{"id":145,"date":"2015-01-13T16:20:34","date_gmt":"2015-01-13T16:20:34","guid":{"rendered":"http:\/\/www.hotelrivierasanbenedetto.it\/de\/?page_id=145"},"modified":"2025-03-29T21:14:53","modified_gmt":"2025-03-29T21:14:53","slug":"hotel","status":"publish","type":"page","link":"https:\/\/www.hotelrivierasanbenedetto.it\/de\/","title":{"rendered":"Hotel"},"content":{"rendered":"<p>Das Hotel Riviera liegt an der Marconi-Promenade in <strong>San Benedetto del Tronto<\/strong>, nicht weit von der Fu\u00dfg\u00e4ngerzone und dem Stadtzentrum entfernt. Wenn Sie die Strandpromenade \u00fcberqueren, erreichen Sie in 60 Metern Entfernung unseren Strand, die Badeanstalt Blumarine.<\/p>\n<p>Die Struktur ist drei Sterne, <strong>ideal f\u00fcr Familien<\/strong> und die Gastfreundschaft, die direkt von den Eigent\u00fcmern gef\u00fchrt wird, wurde in 55 Jahren Management gefestigt.<\/p>\n<p><strong>Die K\u00fcche ist typisch mediterran<\/strong>, mit Men\u00fcs, die auf Fisch und Fleisch basieren.<br \/>\nFr\u00fchst\u00fcck und Mahlzeiten werden am Tisch serviert.<br \/>\nKunden erhalten eine Rabattkarte f\u00fcr das <strong>Blumarine Restaurant<\/strong> und die <strong>Pizzeria (Chalet Blumarine)<\/strong>.<\/p>\n<p>Das Hotel verf\u00fcgt \u00fcber <strong>36 Zimmer<\/strong>, alle ausgestattet mit Balkon, Klimaanlage, Minik\u00fchlschrank, Telefon, LCD-TV, Safe, Badezimmer mit Duschkabine und Haartrockner.<\/p>\n<p>Die WLAN-Internetverbindung ist im Zimmer und im gesamten Hotel kostenlos.<\/p>\n<p>Unseren Kunden stehen kostenlos Fahrr\u00e4der zur Verf\u00fcgung, mit denen sie bequem das Stadtzentrum erreichen, entlang der K\u00fcste fahren und den langen Radweg nutzen k\u00f6nnen, der die Gemeinden der Riviera delle Palme verbindet.<\/p>\n<p>Ein kostenloser Parkplatz steht 500 Meter vom Hotel entfernt zur Verf\u00fcgung (unbewacht).<\/p>\n<p><strong>Das Hotel ist nicht f\u00fcr die Unterbringung von Tieren jeglicher Gr\u00f6\u00dfe ausgestattet.<\/strong><\/p>\n<p><strong>Bitte kontaktieren Sie uns unter 0735.780847 f\u00fcr detaillierte Informationen zu den verf\u00fcgbaren Dienstleistungen.<\/strong><\/p>\n","protected":false},"excerpt":{"rendered":"<p>Das Hotel Riviera liegt an der Marconi-Promenade in San Benedetto del Tronto, nicht weit von der Fu\u00dfg\u00e4ngerzone und dem Stadtzentrum entfernt. Wenn Sie die Strandpromenade \u00fcberqueren, erreichen Sie in 60 Metern Entfernung unseren Strand, die Badeanstalt Blumarine. Die Struktur ist drei Sterne, ideal f\u00fcr Familien und die Gastfreundschaft, die direkt von den Eigent\u00fcmern gef\u00fchrt wird, [&hellip;]<\/p>\n","protected":false},"author":1,"featured_media":247,"parent":0,"menu_order":0,"comment_status":"open","ping_status":"open","template":"page-camere.php","meta":{"_acf_changed":false,"footnotes":""},"class_list":["post-145","page","type-page","status-publish","has-post-thumbnail","hentry"],"acf":[],"yoast_head":"<!-- This site is optimized with the Yoast SEO plugin v27.2 - https:\/\/yoast.com\/product\/yoast-seo-wordpress\/ -->\n<title>3 Sterne Hotel San Benedetto del Tronto - Hotel Riviera<\/title>\n<meta name=\"description\" content=\"3 Sterne Hotel in San Benedetto del Tronto an der Palmenrivera in den Marken. Das Hotel liegt direkt am Wasser n\u00f6rdlich von San Benedetto del Tronto\" \/>\n<meta name=\"robots\" content=\"index, follow, max-snippet:-1, max-image-preview:large, max-video-preview:-1\" \/>\n<link rel=\"canonical\" href=\"https:\/\/www.hotelrivierasanbenedetto.it\/de\/\" \/>\n<meta property=\"og:locale\" content=\"de_DE\" \/>\n<meta property=\"og:type\" content=\"article\" \/>\n<meta property=\"og:title\" content=\"3 Sterne Hotel San Benedetto del Tronto - Hotel Riviera\" \/>\n<meta property=\"og:description\" content=\"3 Sterne Hotel in San Benedetto del Tronto an der Palmenrivera in den Marken. Das Hotel liegt direkt am Wasser n\u00f6rdlich von San Benedetto del Tronto\" \/>\n<meta property=\"og:url\" content=\"https:\/\/www.hotelrivierasanbenedetto.it\/de\/\" \/>\n<meta property=\"og:site_name\" content=\"Hotel Riviera San Benedetto DE\" \/>\n<meta property=\"article:modified_time\" content=\"2025-03-29T21:14:53+00:00\" \/>\n<meta property=\"og:image\" content=\"https:\/\/www.hotelrivierasanbenedetto.it\/de\/wp-content\/uploads\/sites\/3\/2016\/01\/Hotel-Strandbad-Hotel-Riviera.jpg\" \/>\n\t<meta property=\"og:image:width\" content=\"700\" \/>\n\t<meta property=\"og:image:height\" content=\"300\" \/>\n\t<meta property=\"og:image:type\" content=\"image\/jpeg\" \/>\n<meta name=\"twitter:label1\" content=\"Est. reading time\" \/>\n\t<meta name=\"twitter:data1\" content=\"2 minutes\" \/>\n<script type=\"application\/ld+json\" class=\"yoast-schema-graph\">{\"@context\":\"https:\/\/schema.org\",\"@graph\":[{\"@type\":\"WebPage\",\"@id\":\"https:\/\/www.hotelrivierasanbenedetto.it\/de\/\",\"url\":\"https:\/\/www.hotelrivierasanbenedetto.it\/de\/\",\"name\":\"3 Sterne Hotel San Benedetto del Tronto - Hotel Riviera\",\"isPartOf\":{\"@id\":\"https:\/\/www.hotelrivierasanbenedetto.it\/de\/#website\"},\"primaryImageOfPage\":{\"@id\":\"https:\/\/www.hotelrivierasanbenedetto.it\/de\/#primaryimage\"},\"image\":{\"@id\":\"https:\/\/www.hotelrivierasanbenedetto.it\/de\/#primaryimage\"},\"thumbnailUrl\":\"https:\/\/www.hotelrivierasanbenedetto.it\/de\/wp-content\/uploads\/sites\/3\/2016\/01\/Hotel-Strandbad-Hotel-Riviera.jpg\",\"datePublished\":\"2015-01-13T16:20:34+00:00\",\"dateModified\":\"2025-03-29T21:14:53+00:00\",\"description\":\"3 Sterne Hotel in San Benedetto del Tronto an der Palmenrivera in den Marken. Das Hotel liegt direkt am Wasser n\u00f6rdlich von San Benedetto del Tronto\",\"breadcrumb\":{\"@id\":\"https:\/\/www.hotelrivierasanbenedetto.it\/de\/#breadcrumb\"},\"inLanguage\":\"de-DE\",\"potentialAction\":[{\"@type\":\"ReadAction\",\"target\":[\"https:\/\/www.hotelrivierasanbenedetto.it\/de\/\"]}]},{\"@type\":\"ImageObject\",\"inLanguage\":\"de-DE\",\"@id\":\"https:\/\/www.hotelrivierasanbenedetto.it\/de\/#primaryimage\",\"url\":\"https:\/\/www.hotelrivierasanbenedetto.it\/de\/wp-content\/uploads\/sites\/3\/2016\/01\/Hotel-Strandbad-Hotel-Riviera.jpg\",\"contentUrl\":\"https:\/\/www.hotelrivierasanbenedetto.it\/de\/wp-content\/uploads\/sites\/3\/2016\/01\/Hotel-Strandbad-Hotel-Riviera.jpg\",\"width\":700,\"height\":300},{\"@type\":\"BreadcrumbList\",\"@id\":\"https:\/\/www.hotelrivierasanbenedetto.it\/de\/#breadcrumb\",\"itemListElement\":[{\"@type\":\"ListItem\",\"position\":1,\"name\":\"Home\",\"item\":\"https:\/\/www.hotelrivierasanbenedetto.it\/de\/\"},{\"@type\":\"ListItem\",\"position\":2,\"name\":\"Hotel\"}]},{\"@type\":\"WebSite\",\"@id\":\"https:\/\/www.hotelrivierasanbenedetto.it\/de\/#website\",\"url\":\"https:\/\/www.hotelrivierasanbenedetto.it\/de\/\",\"name\":\"Hotel Riviera San Benedetto DE\",\"description\":\"Ecco un altro sito Hotel Riviera San Benedetto Siti\",\"potentialAction\":[{\"@type\":\"SearchAction\",\"target\":{\"@type\":\"EntryPoint\",\"urlTemplate\":\"https:\/\/www.hotelrivierasanbenedetto.it\/de\/?s={search_term_string}\"},\"query-input\":{\"@type\":\"PropertyValueSpecification\",\"valueRequired\":true,\"valueName\":\"search_term_string\"}}],\"inLanguage\":\"de-DE\"}]}<\/script>\n<!-- \/ Yoast SEO plugin. -->","yoast_head_json":{"title":"3 Sterne Hotel San Benedetto del Tronto - Hotel Riviera","description":"3 Sterne Hotel in San Benedetto del Tronto an der Palmenrivera in den Marken. Das Hotel liegt direkt am Wasser n\u00f6rdlich von San Benedetto del Tronto","robots":{"index":"index","follow":"follow","max-snippet":"max-snippet:-1","max-image-preview":"max-image-preview:large","max-video-preview":"max-video-preview:-1"},"canonical":"https:\/\/www.hotelrivierasanbenedetto.it\/de\/","og_locale":"de_DE","og_type":"article","og_title":"3 Sterne Hotel San Benedetto del Tronto - Hotel Riviera","og_description":"3 Sterne Hotel in San Benedetto del Tronto an der Palmenrivera in den Marken. Das Hotel liegt direkt am Wasser n\u00f6rdlich von San Benedetto del Tronto","og_url":"https:\/\/www.hotelrivierasanbenedetto.it\/de\/","og_site_name":"Hotel Riviera San Benedetto DE","article_modified_time":"2025-03-29T21:14:53+00:00","og_image":[{"width":700,"height":300,"url":"https:\/\/www.hotelrivierasanbenedetto.it\/de\/wp-content\/uploads\/sites\/3\/2016\/01\/Hotel-Strandbad-Hotel-Riviera.jpg","type":"image\/jpeg"}],"twitter_misc":{"Est. reading time":"2 minutes"},"schema":{"@context":"https:\/\/schema.org","@graph":[{"@type":"WebPage","@id":"https:\/\/www.hotelrivierasanbenedetto.it\/de\/","url":"https:\/\/www.hotelrivierasanbenedetto.it\/de\/","name":"3 Sterne Hotel San Benedetto del Tronto - Hotel Riviera","isPartOf":{"@id":"https:\/\/www.hotelrivierasanbenedetto.it\/de\/#website"},"primaryImageOfPage":{"@id":"https:\/\/www.hotelrivierasanbenedetto.it\/de\/#primaryimage"},"image":{"@id":"https:\/\/www.hotelrivierasanbenedetto.it\/de\/#primaryimage"},"thumbnailUrl":"https:\/\/www.hotelrivierasanbenedetto.it\/de\/wp-content\/uploads\/sites\/3\/2016\/01\/Hotel-Strandbad-Hotel-Riviera.jpg","datePublished":"2015-01-13T16:20:34+00:00","dateModified":"2025-03-29T21:14:53+00:00","description":"3 Sterne Hotel in San Benedetto del Tronto an der Palmenrivera in den Marken. Das Hotel liegt direkt am Wasser n\u00f6rdlich von San Benedetto del Tronto","breadcrumb":{"@id":"https:\/\/www.hotelrivierasanbenedetto.it\/de\/#breadcrumb"},"inLanguage":"de-DE","potentialAction":[{"@type":"ReadAction","target":["https:\/\/www.hotelrivierasanbenedetto.it\/de\/"]}]},{"@type":"ImageObject","inLanguage":"de-DE","@id":"https:\/\/www.hotelrivierasanbenedetto.it\/de\/#primaryimage","url":"https:\/\/www.hotelrivierasanbenedetto.it\/de\/wp-content\/uploads\/sites\/3\/2016\/01\/Hotel-Strandbad-Hotel-Riviera.jpg","contentUrl":"https:\/\/www.hotelrivierasanbenedetto.it\/de\/wp-content\/uploads\/sites\/3\/2016\/01\/Hotel-Strandbad-Hotel-Riviera.jpg","width":700,"height":300},{"@type":"BreadcrumbList","@id":"https:\/\/www.hotelrivierasanbenedetto.it\/de\/#breadcrumb","itemListElement":[{"@type":"ListItem","position":1,"name":"Home","item":"https:\/\/www.hotelrivierasanbenedetto.it\/de\/"},{"@type":"ListItem","position":2,"name":"Hotel"}]},{"@type":"WebSite","@id":"https:\/\/www.hotelrivierasanbenedetto.it\/de\/#website","url":"https:\/\/www.hotelrivierasanbenedetto.it\/de\/","name":"Hotel Riviera San Benedetto DE","description":"Ecco un altro sito Hotel Riviera San Benedetto Siti","potentialAction":[{"@type":"SearchAction","target":{"@type":"EntryPoint","urlTemplate":"https:\/\/www.hotelrivierasanbenedetto.it\/de\/?s={search_term_string}"},"query-input":{"@type":"PropertyValueSpecification","valueRequired":true,"valueName":"search_term_string"}}],"inLanguage":"de-DE"}]}},"_links":{"self":[{"href":"https:\/\/www.hotelrivierasanbenedetto.it\/de\/wp-json\/wp\/v2\/pages\/145","targetHints":{"allow":["GET"]}}],"collection":[{"href":"https:\/\/www.hotelrivierasanbenedetto.it\/de\/wp-json\/wp\/v2\/pages"}],"about":[{"href":"https:\/\/www.hotelrivierasanbenedetto.it\/de\/wp-json\/wp\/v2\/types\/page"}],"author":[{"embeddable":true,"href":"https:\/\/www.hotelrivierasanbenedetto.it\/de\/wp-json\/wp\/v2\/users\/1"}],"replies":[{"embeddable":true,"href":"https:\/\/www.hotelrivierasanbenedetto.it\/de\/wp-json\/wp\/v2\/comments?post=145"}],"version-history":[{"count":23,"href":"https:\/\/www.hotelrivierasanbenedetto.it\/de\/wp-json\/wp\/v2\/pages\/145\/revisions"}],"predecessor-version":[{"id":590,"href":"https:\/\/www.hotelrivierasanbenedetto.it\/de\/wp-json\/wp\/v2\/pages\/145\/revisions\/590"}],"wp:featuredmedia":[{"embeddable":true,"href":"https:\/\/www.hotelrivierasanbenedetto.it\/de\/wp-json\/wp\/v2\/media\/247"}],"wp:attachment":[{"href":"https:\/\/www.hotelrivierasanbenedetto.it\/de\/wp-json\/wp\/v2\/media?parent=145"}],"curies":[{"name":"wp","href":"https:\/\/api.w.org\/{rel}","templated":true}]}}