{"id":153,"date":"2015-01-13T16:23:19","date_gmt":"2015-01-13T16:23:19","guid":{"rendered":"http:\/\/www.hotelrivierasanbenedetto.it\/de\/?page_id=153"},"modified":"2025-01-29T18:24:31","modified_gmt":"2025-01-29T18:24:31","slug":"preisliste","status":"publish","type":"page","link":"https:\/\/www.hotelrivierasanbenedetto.it\/de\/preisliste","title":{"rendered":"Preisliste"},"content":{"rendered":"<p><strong>Bitte kontaktieren Sie uns unter 0735.780847, um detaillierte Informationen zu den verf\u00fcgbaren Diensten zu erhalten.<\/strong><\/p>\n<p><strong>Gemeinschaftsbereiche mit kontinuierlicher Luftreinigung: Flure, Treppen, Esszimmer, Rezeption und Aufzug.<\/strong><\/p>\n<h3>Buchungs- und Stornobedingungen<\/h3>\n<ul>\n<li>Mit dem Eingang einer Anzahlung gilt die Reservierung als best\u00e4tigt.<\/li>\n<li>Der Kunde hat das Recht, den gesamten Anzahlungsbetrag zur\u00fcckzutreten und zur\u00fcckzuerstatten, wenn er die Stornierung innerhalb von 30 Tagen vor dem voraussichtlichen Ankunftsdatum mitteilt.<\/li>\n<\/ul>\n<h3>Erm\u00e4\u00dfigung f\u00fcr Kinder von 0 bis 18 Jahren<\/h3>\n<ul>\n<li>Die Erm\u00e4\u00dfigung f\u00fcr Kinder gilt nur f\u00fcr ein drittes Bett im Zimmer.<\/li>\n<\/ul>\n\n<table id=\"tablepress-2\" class=\"tablepress tablepress-id-2\">\n<thead>\n<tr class=\"row-1\">\n\t<th class=\"column-1\">Zeitraum<\/th><th class=\"column-2\">Erwachsene<br \/>\nVollpension<\/th><th class=\"column-3\">Erwachsene<br \/>\nHalbpension<br \/>\n<\/th><th class=\"column-4\">Kinder von 1 bis 5 Jahren<br \/>\nVollpension<\/th><th class=\"column-5\">Kinder von 1 bis 5 Jahren<br \/>\nHalbpension<\/th><th class=\"column-6\">Kinder von 6 bis 18 Jahren<br \/>\nVollpension<\/th><th class=\"column-7\">Kinder von 6 bis 18 Jahren<br \/>\nHalbpension<\/th>\n<\/tr>\n<\/thead>\n<tbody class=\"row-striping\">\n<tr class=\"row-2\">\n\t<td class=\"column-1\">01\/06 - 20\/06<\/td><td class=\"column-2\">\u20ac 80,00<\/td><td class=\"column-3\">\u20ac 75,00<\/td><td class=\"column-4\">\u20ac 40,00<\/td><td class=\"column-5\">\u20ac 40,00<\/td><td class=\"column-6\">\u20ac 45,00<\/td><td class=\"column-7\">\u20ac 45,00<\/td>\n<\/tr>\n<tr class=\"row-3\">\n\t<td class=\"column-1\">21\/06 - 30\/06<\/td><td class=\"column-2\">\u20ac 84,00<\/td><td class=\"column-3\">\u20ac 78,00<\/td><td class=\"column-4\">\u20ac 40,00<\/td><td class=\"column-5\">\u20ac 40,00<\/td><td class=\"column-6\">\u20ac 45,00<\/td><td class=\"column-7\">\u20ac 45,00<\/td>\n<\/tr>\n<tr class=\"row-4\">\n\t<td class=\"column-1\">01\/07 - 03\/08<\/td><td class=\"column-2\">N.V.<\/td><td class=\"column-3\">\u20ac 88,00<\/td><td class=\"column-4\">N.V.<\/td><td class=\"column-5\">\u20ac 45,00<\/td><td class=\"column-6\">N.V.<\/td><td class=\"column-7\">\u20ac 55,00<\/td>\n<\/tr>\n<tr class=\"row-5\">\n\t<td class=\"column-1\">04\/08 - 24\/08<\/td><td class=\"column-2\">N.V.<\/td><td class=\"column-3\">\u20ac 104,00<\/td><td class=\"column-4\">N.V.<\/td><td class=\"column-5\">\u20ac 50,00<\/td><td class=\"column-6\">N.V.<\/td><td class=\"column-7\">\u20ac 55,00<\/td>\n<\/tr>\n<tr class=\"row-6\">\n\t<td class=\"column-1\">25\/08 - 31\/08<\/td><td class=\"column-2\">N.V<\/td><td class=\"column-3\">\u20ac 88,00<\/td><td class=\"column-4\">N.V.<\/td><td class=\"column-5\">\u20ac 45,00<\/td><td class=\"column-6\">N.V.<\/td><td class=\"column-7\">\u20ac 50,00<\/td>\n<\/tr>\n<tr class=\"row-7\">\n\t<td class=\"column-1\">01\/09 - 07\/09<\/td><td class=\"column-2\">\u20ac 84,00<\/td><td class=\"column-3\">\u20ac 78,00<\/td><td class=\"column-4\">\u20ac 40,00<\/td><td class=\"column-5\">\u20ac 40,00<\/td><td class=\"column-6\">\u20ac 45,00<\/td><td class=\"column-7\">\u20ac 45,00<\/td>\n<\/tr>\n<tr class=\"row-8\">\n\t<td class=\"column-1\">08\/09 - 30\/09<\/td><td class=\"column-2\">\u20ac 80,00<\/td><td class=\"column-3\">\u20ac 75,00<\/td><td class=\"column-4\">\u20ac 40,00<\/td><td class=\"column-5\">\u20ac 40,00<\/td><td class=\"column-6\">\u20ac 45,00<\/td><td class=\"column-7\">\u20ac 45,00<\/td>\n<\/tr>\n<\/tbody>\n<\/table>\n<!-- #tablepress-2 from cache -->\n\n<table id=\"tablepress-3\" class=\"tablepress tablepress-id-3\">\n<thead>\n<tr class=\"row-1\">\n\t<th class=\"column-1\">Zeitraum<\/th><th class=\"column-2\">\u00dcbernachtung mit Fr\u00fchst\u00fcck \u2013 Einzelzimmer + Fr\u00fchst\u00fcck<\/th><th class=\"column-3\">B&amp;B \u00dcbernachtung - Doppelzimmer + Fr\u00fchst\u00fcck<\/th>\n<\/tr>\n<\/thead>\n<tbody class=\"row-striping\">\n<tr class=\"row-2\">\n\t<td class=\"column-1\">von Juni bis September <\/td><td class=\"column-2\">\u20ac 80,00<\/td><td class=\"column-3\">\u20ac 100,00<\/td>\n<\/tr>\n<\/tbody>\n<\/table>\n<!-- #tablepress-3 from cache -->\n<p><strong>IM JULI UND AUGUST ENTHALTEN DIE HALBPENSION:<\/strong><\/p>\n<ul>\n<li>von Montag bis Samstag Fr\u00fchst\u00fcck und Abendessen;<\/li>\n<li>Sonntags und am 15. August Fr\u00fchst\u00fcck und Mittagessen.<\/li>\n<\/ul>\n<p>Die Preise verstehen sich inklusive Mehrwertsteuer und beziehen sich auf VOLLPENSION oder HALBPENSION pro Person, bei einem Mindestaufenthalt von 3 Tagen.<br \/>\nDer Aufenthalt mit VOLLPENSION oder HALBPENSION im \u201eDoppelzimmer zur Einzelnutzung\u201c betr\u00e4gt 120,00 \u20ac pro Tag.<\/p>\n<p>Die Preise verstehen sich zuz\u00fcglich der vom 01.06. bis 15.09. geltenden Kurtaxe von 1,50 Euro pro Tag f\u00fcr maximal 7 Tage.<br \/>\nAusgenommen sind Kinder von 0 bis 12 Jahren.<\/p>\n<h3><em>Im Preis inbegriffen<\/em><\/h3>\n<h3>Hotel<\/h3>\n<ul>\n<li>Kostenloses WLAN im Hotel und im Zimmer;<\/li>\n<li>Kostenlose Nutzung der Fahrr\u00e4der je nach Verf\u00fcgbarkeit;<\/li>\n<li>Unbewachter, kostenfreier Parkplatz 500 Meter vom Hotel entfernt.<\/li>\n<\/ul>\n<h3>Zimmer<\/h3>\n<ul>\n<li>Unabh\u00e4ngige Klimaanlage;<\/li>\n<li>Minik\u00fchlschrank f\u00fcr den pers\u00f6nlichen Gebrauch;<\/li>\n<li>LCD-TV im Zimmer;<\/li>\n<li>Sicher;<\/li>\n<li>F\u00f6n;<\/li>\n<li>Badezimmer mit Dusche;<\/li>\n<li>Balkon.<\/li>\n<\/ul>\n<h3>Restaurant<\/h3>\n<ul>\n<li>Fr\u00fchst\u00fcck am Tisch serviert + Buffet;<\/li>\n<li>Wahlmen\u00fc am Tisch serviert;<\/li>\n<li>Wasser zu den Mahlzeiten inbegriffen;<\/li>\n<li>Rabattkarte f\u00fcr das Restaurant Blumarine;<\/li>\n<li>Rabattkarte f\u00fcr die Pizzeria (Chalet Blumarine).<\/li>\n<\/ul>\n<h3>Strand<\/h3>\n<ul>\n<li>Private Badeanstalt;<br \/>\n<!-- li--><\/li>\n<li>F\u00fcr jedes Einzelzimmer sind 1 Sonnenschirm und 2 Sonnenliegen reserviert;<\/li>\n<li>Drittes Strandbett, Zuschlag von 10,00 \u20ac mehr pro Tag;<\/li>\n<li>15 % Erm\u00e4\u00dfigung im Blumarine Restaurant (Fischmen\u00fc) nur zum Mittagessen reserviert;<\/li>\n<li>Reserviert 15 % Rabatt in der Pizzeria (Chalet Blumarine) nur zum Abendessen.<\/li>\n<\/ul>\n<h3>Haustiere<\/h3>\n<ul>\n<li>Wir sind nicht f\u00fcr die Unterbringung von Tieren jeglicher Gr\u00f6\u00dfe ausgestattet.<\/li>\n<\/ul>\n<h3>Check-In<\/h3>\n<ul>\n<li>Check-In ab 08.30 Uhr, Zimmerbezug ab 12.00 Uhr<\/li>\n<\/ul>\n<p><!-- Ul--><\/p>\n<h3>Check out<\/h3>\n<ul>\n<li>Die Zimmer m\u00fcssen bis 10.00 Uhr ger\u00e4umt sein, Parkpl\u00e4tze und Strandservice stehen ab diesem Zeitpunkt nicht mehr zur Verf\u00fcgung<\/li>\n<\/ul>\n","protected":false},"excerpt":{"rendered":"<p>Bitte kontaktieren Sie uns unter 0735.780847, um detaillierte Informationen zu den verf\u00fcgbaren Diensten zu erhalten. Gemeinschaftsbereiche mit kontinuierlicher Luftreinigung: Flure, Treppen, Esszimmer, Rezeption und Aufzug. Buchungs- und Stornobedingungen Mit dem Eingang einer Anzahlung gilt die Reservierung als best\u00e4tigt. Der Kunde hat das Recht, den gesamten Anzahlungsbetrag zur\u00fcckzutreten und zur\u00fcckzuerstatten, wenn er die Stornierung innerhalb von [&hellip;]<\/p>\n","protected":false},"author":1,"featured_media":0,"parent":0,"menu_order":0,"comment_status":"open","ping_status":"open","template":"page-listino.php","meta":{"_acf_changed":false,"footnotes":""},"class_list":["post-153","page","type-page","status-publish","hentry"],"acf":[],"yoast_head":"<!-- This site is optimized with the Yoast SEO plugin v27.2 - https:\/\/yoast.com\/product\/yoast-seo-wordpress\/ -->\n<title>Preise 3 Sterne Hotel San Benedetto del Tronto - Hotel Riviera<\/title>\n<meta name=\"description\" content=\"Hotel Riviera in San Benedetto del Tronto: Preisliste mit den besten Angeboten. Fordern Sie ein Angebot f\u00fcr Ihren Urlaub.\" \/>\n<meta name=\"robots\" content=\"index, follow, max-snippet:-1, max-image-preview:large, max-video-preview:-1\" \/>\n<link rel=\"canonical\" href=\"https:\/\/www.hotelrivierasanbenedetto.it\/de\/preisliste\" \/>\n<meta property=\"og:locale\" content=\"de_DE\" \/>\n<meta property=\"og:type\" content=\"article\" \/>\n<meta property=\"og:title\" content=\"Preise 3 Sterne Hotel San Benedetto del Tronto - Hotel Riviera\" \/>\n<meta property=\"og:description\" content=\"Hotel Riviera in San Benedetto del Tronto: Preisliste mit den besten Angeboten. Fordern Sie ein Angebot f\u00fcr Ihren Urlaub.\" \/>\n<meta property=\"og:url\" content=\"https:\/\/www.hotelrivierasanbenedetto.it\/de\/preisliste\" \/>\n<meta property=\"og:site_name\" content=\"Hotel Riviera San Benedetto DE\" \/>\n<meta property=\"article:modified_time\" content=\"2025-01-29T18:24:31+00:00\" \/>\n<meta name=\"twitter:label1\" content=\"Est. reading time\" \/>\n\t<meta name=\"twitter:data1\" content=\"2 minutes\" \/>\n<script type=\"application\/ld+json\" class=\"yoast-schema-graph\">{\"@context\":\"https:\/\/schema.org\",\"@graph\":[{\"@type\":\"WebPage\",\"@id\":\"https:\/\/www.hotelrivierasanbenedetto.it\/de\/preisliste\",\"url\":\"https:\/\/www.hotelrivierasanbenedetto.it\/de\/preisliste\",\"name\":\"Preise 3 Sterne Hotel San Benedetto del Tronto - Hotel Riviera\",\"isPartOf\":{\"@id\":\"https:\/\/www.hotelrivierasanbenedetto.it\/de\/#website\"},\"datePublished\":\"2015-01-13T16:23:19+00:00\",\"dateModified\":\"2025-01-29T18:24:31+00:00\",\"description\":\"Hotel Riviera in San Benedetto del Tronto: Preisliste mit den besten Angeboten. Fordern Sie ein Angebot f\u00fcr Ihren Urlaub.\",\"breadcrumb\":{\"@id\":\"https:\/\/www.hotelrivierasanbenedetto.it\/de\/preisliste#breadcrumb\"},\"inLanguage\":\"de-DE\",\"potentialAction\":[{\"@type\":\"ReadAction\",\"target\":[\"https:\/\/www.hotelrivierasanbenedetto.it\/de\/preisliste\"]}]},{\"@type\":\"BreadcrumbList\",\"@id\":\"https:\/\/www.hotelrivierasanbenedetto.it\/de\/preisliste#breadcrumb\",\"itemListElement\":[{\"@type\":\"ListItem\",\"position\":1,\"name\":\"Home\",\"item\":\"https:\/\/www.hotelrivierasanbenedetto.it\/de\/\"},{\"@type\":\"ListItem\",\"position\":2,\"name\":\"Preisliste\"}]},{\"@type\":\"WebSite\",\"@id\":\"https:\/\/www.hotelrivierasanbenedetto.it\/de\/#website\",\"url\":\"https:\/\/www.hotelrivierasanbenedetto.it\/de\/\",\"name\":\"Hotel Riviera San Benedetto DE\",\"description\":\"Ecco un altro sito Hotel Riviera San Benedetto Siti\",\"potentialAction\":[{\"@type\":\"SearchAction\",\"target\":{\"@type\":\"EntryPoint\",\"urlTemplate\":\"https:\/\/www.hotelrivierasanbenedetto.it\/de\/?s={search_term_string}\"},\"query-input\":{\"@type\":\"PropertyValueSpecification\",\"valueRequired\":true,\"valueName\":\"search_term_string\"}}],\"inLanguage\":\"de-DE\"}]}<\/script>\n<!-- \/ Yoast SEO plugin. -->","yoast_head_json":{"title":"Preise 3 Sterne Hotel San Benedetto del Tronto - Hotel Riviera","description":"Hotel Riviera in San Benedetto del Tronto: Preisliste mit den besten Angeboten. Fordern Sie ein Angebot f\u00fcr Ihren Urlaub.","robots":{"index":"index","follow":"follow","max-snippet":"max-snippet:-1","max-image-preview":"max-image-preview:large","max-video-preview":"max-video-preview:-1"},"canonical":"https:\/\/www.hotelrivierasanbenedetto.it\/de\/preisliste","og_locale":"de_DE","og_type":"article","og_title":"Preise 3 Sterne Hotel San Benedetto del Tronto - Hotel Riviera","og_description":"Hotel Riviera in San Benedetto del Tronto: Preisliste mit den besten Angeboten. Fordern Sie ein Angebot f\u00fcr Ihren Urlaub.","og_url":"https:\/\/www.hotelrivierasanbenedetto.it\/de\/preisliste","og_site_name":"Hotel Riviera San Benedetto DE","article_modified_time":"2025-01-29T18:24:31+00:00","twitter_misc":{"Est. reading time":"2 minutes"},"schema":{"@context":"https:\/\/schema.org","@graph":[{"@type":"WebPage","@id":"https:\/\/www.hotelrivierasanbenedetto.it\/de\/preisliste","url":"https:\/\/www.hotelrivierasanbenedetto.it\/de\/preisliste","name":"Preise 3 Sterne Hotel San Benedetto del Tronto - Hotel Riviera","isPartOf":{"@id":"https:\/\/www.hotelrivierasanbenedetto.it\/de\/#website"},"datePublished":"2015-01-13T16:23:19+00:00","dateModified":"2025-01-29T18:24:31+00:00","description":"Hotel Riviera in San Benedetto del Tronto: Preisliste mit den besten Angeboten. Fordern Sie ein Angebot f\u00fcr Ihren Urlaub.","breadcrumb":{"@id":"https:\/\/www.hotelrivierasanbenedetto.it\/de\/preisliste#breadcrumb"},"inLanguage":"de-DE","potentialAction":[{"@type":"ReadAction","target":["https:\/\/www.hotelrivierasanbenedetto.it\/de\/preisliste"]}]},{"@type":"BreadcrumbList","@id":"https:\/\/www.hotelrivierasanbenedetto.it\/de\/preisliste#breadcrumb","itemListElement":[{"@type":"ListItem","position":1,"name":"Home","item":"https:\/\/www.hotelrivierasanbenedetto.it\/de\/"},{"@type":"ListItem","position":2,"name":"Preisliste"}]},{"@type":"WebSite","@id":"https:\/\/www.hotelrivierasanbenedetto.it\/de\/#website","url":"https:\/\/www.hotelrivierasanbenedetto.it\/de\/","name":"Hotel Riviera San Benedetto DE","description":"Ecco un altro sito Hotel Riviera San Benedetto Siti","potentialAction":[{"@type":"SearchAction","target":{"@type":"EntryPoint","urlTemplate":"https:\/\/www.hotelrivierasanbenedetto.it\/de\/?s={search_term_string}"},"query-input":{"@type":"PropertyValueSpecification","valueRequired":true,"valueName":"search_term_string"}}],"inLanguage":"de-DE"}]}},"_links":{"self":[{"href":"https:\/\/www.hotelrivierasanbenedetto.it\/de\/wp-json\/wp\/v2\/pages\/153","targetHints":{"allow":["GET"]}}],"collection":[{"href":"https:\/\/www.hotelrivierasanbenedetto.it\/de\/wp-json\/wp\/v2\/pages"}],"about":[{"href":"https:\/\/www.hotelrivierasanbenedetto.it\/de\/wp-json\/wp\/v2\/types\/page"}],"author":[{"embeddable":true,"href":"https:\/\/www.hotelrivierasanbenedetto.it\/de\/wp-json\/wp\/v2\/users\/1"}],"replies":[{"embeddable":true,"href":"https:\/\/www.hotelrivierasanbenedetto.it\/de\/wp-json\/wp\/v2\/comments?post=153"}],"version-history":[{"count":46,"href":"https:\/\/www.hotelrivierasanbenedetto.it\/de\/wp-json\/wp\/v2\/pages\/153\/revisions"}],"predecessor-version":[{"id":576,"href":"https:\/\/www.hotelrivierasanbenedetto.it\/de\/wp-json\/wp\/v2\/pages\/153\/revisions\/576"}],"wp:attachment":[{"href":"https:\/\/www.hotelrivierasanbenedetto.it\/de\/wp-json\/wp\/v2\/media?parent=153"}],"curies":[{"name":"wp","href":"https:\/\/api.w.org\/{rel}","templated":true}]}}