{"id":160,"date":"2015-01-13T16:29:28","date_gmt":"2015-01-13T16:29:28","guid":{"rendered":"http:\/\/www.hotelrivierasanbenedetto.it\/de\/?page_id=160"},"modified":"2025-01-29T18:26:32","modified_gmt":"2025-01-29T18:26:32","slug":"inklusivleistungen","status":"publish","type":"page","link":"https:\/\/www.hotelrivierasanbenedetto.it\/de\/inklusivleistungen","title":{"rendered":"Inklusivleistungen"},"content":{"rendered":"<h3>News: neues Luftreinigungssystem<\/h3>\n<p>Gemeinschaftsbereiche mit kontinuierlicher Luftreinigung: Flure, Treppen, Esszimmer, Rezeption und Aufzug.<\/p>\n<h3>Hotel<\/h3>\n<ul>\n<li>Kostenloses WLAN im Hotel und im Zimmer;<\/li>\n<li>Kostenlose Nutzung der Fahrr\u00e4der je nach Verf\u00fcgbarkeit;<\/li>\n<li>Unbewachter, kostenfreier Parkplatz 500 Meter vom Hotel entfernt.<\/li>\n<\/ul>\n<h3>Zimmer<\/h3>\n<ul>\n<li>Unabh\u00e4ngige Klimaanlage;<\/li>\n<li>Minik\u00fchlschrank f\u00fcr den pers\u00f6nlichen Gebrauch;<\/li>\n<li>LCD-TV im Zimmer;<\/li>\n<li>Sicher;<\/li>\n<li>F\u00f6n;<\/li>\n<li>Badezimmer mit Dusche;<\/li>\n<li>Balkon.<\/li>\n<\/ul>\n<h3>Restaurant<\/h3>\n<ul>\n<li>Fr\u00fchst\u00fcck am Tisch serviert + Buffet;<\/li>\n<li>Wahlmen\u00fc am Tisch serviert;<\/li>\n<li>Wasser zu den Mahlzeiten inbegriffen;<\/li>\n<li>Rabattkarte f\u00fcr das Restaurant Blumarine;<\/li>\n<li>Rabattkarte f\u00fcr die Pizzeria (Chalet Blumarine).<\/li>\n<\/ul>\n<h3>Strand<\/h3>\n<ul>\n<li>Private Badeanstalt;<br \/>\n<!-- li--><\/li>\n<li>F\u00fcr jedes Einzelzimmer sind 1 Sonnenschirm und 2 Sonnenliegen reserviert;<\/li>\n<li>Drittes Strandbett, Zuschlag von 10,00 \u20ac mehr pro Tag;<\/li>\n<li>15 % Erm\u00e4\u00dfigung im Blumarine Restaurant (Fischmen\u00fc) nur zum Mittagessen reserviert;<\/li>\n<li>Reserviert 15 % Rabatt in der Pizzeria (Chalet Blumarine) nur zum Abendessen.<\/li>\n<\/ul>\n<h3>Haustiere<\/h3>\n<ul>\n<li>Wir sind nicht f\u00fcr die Unterbringung von Tieren jeglicher Gr\u00f6\u00dfe ausgestattet.<\/li>\n<\/ul>\n<h3>Check-In<\/h3>\n<ul>\n<li>Check-In ab 08.30 Uhr, Zimmerbezug ab 12.00 Uhr<\/li>\n<\/ul>\n<p><!-- Ul--><\/p>\n<h3>Check out<\/h3>\n<ul>\n<li>Die Zimmer m\u00fcssen bis 10.00 Uhr ger\u00e4umt sein, Parkpl\u00e4tze und Strandservice stehen ab diesem Zeitpunkt nicht mehr zur Verf\u00fcgung<\/li>\n<\/ul>\n","protected":false},"excerpt":{"rendered":"<p>News: neues Luftreinigungssystem Gemeinschaftsbereiche mit kontinuierlicher Luftreinigung: Flure, Treppen, Esszimmer, Rezeption und Aufzug. Hotel Kostenloses WLAN im Hotel und im Zimmer; Kostenlose Nutzung der Fahrr\u00e4der je nach Verf\u00fcgbarkeit; Unbewachter, kostenfreier Parkplatz 500 Meter vom Hotel entfernt. Zimmer Unabh\u00e4ngige Klimaanlage; Minik\u00fchlschrank f\u00fcr den pers\u00f6nlichen Gebrauch; LCD-TV im Zimmer; Sicher; F\u00f6n; Badezimmer mit Dusche; Balkon. Restaurant Fr\u00fchst\u00fcck [&hellip;]<\/p>\n","protected":false},"author":1,"featured_media":162,"parent":0,"menu_order":0,"comment_status":"open","ping_status":"open","template":"page-camere.php","meta":{"_acf_changed":false,"footnotes":""},"class_list":["post-160","page","type-page","status-publish","has-post-thumbnail","hentry"],"acf":[],"yoast_head":"<!-- This site is optimized with the Yoast SEO plugin v27.2 - https:\/\/yoast.com\/product\/yoast-seo-wordpress\/ -->\n<title>Inklusivleistungen hotel San Benedetto del Tronto - Hotel Riviera<\/title>\n<meta name=\"description\" content=\"Das Riviera Hotel in San Benedetto del Tronto bietet seinen G\u00e4sten kostenlosen WLAN-Anschluss, Fahrradnutzung, Privatparkplatz.\" \/>\n<meta name=\"robots\" content=\"index, follow, max-snippet:-1, max-image-preview:large, max-video-preview:-1\" \/>\n<link rel=\"canonical\" href=\"https:\/\/www.hotelrivierasanbenedetto.it\/de\/inklusivleistungen\" \/>\n<meta property=\"og:locale\" content=\"de_DE\" \/>\n<meta property=\"og:type\" content=\"article\" \/>\n<meta property=\"og:title\" content=\"Inklusivleistungen hotel San Benedetto del Tronto - Hotel Riviera\" \/>\n<meta property=\"og:description\" content=\"Das Riviera Hotel in San Benedetto del Tronto bietet seinen G\u00e4sten kostenlosen WLAN-Anschluss, Fahrradnutzung, Privatparkplatz.\" \/>\n<meta property=\"og:url\" content=\"https:\/\/www.hotelrivierasanbenedetto.it\/de\/inklusivleistungen\" \/>\n<meta property=\"og:site_name\" content=\"Hotel Riviera San Benedetto DE\" \/>\n<meta property=\"article:modified_time\" content=\"2025-01-29T18:26:32+00:00\" \/>\n<meta property=\"og:image\" content=\"https:\/\/www.hotelrivierasanbenedetto.it\/de\/wp-content\/uploads\/sites\/3\/2015\/01\/cover-1.jpg\" \/>\n\t<meta property=\"og:image:width\" content=\"700\" \/>\n\t<meta property=\"og:image:height\" content=\"400\" \/>\n\t<meta property=\"og:image:type\" content=\"image\/jpeg\" \/>\n<meta name=\"twitter:label1\" content=\"Est. reading time\" \/>\n\t<meta name=\"twitter:data1\" content=\"1 minute\" \/>\n<script type=\"application\/ld+json\" class=\"yoast-schema-graph\">{\"@context\":\"https:\/\/schema.org\",\"@graph\":[{\"@type\":\"WebPage\",\"@id\":\"https:\/\/www.hotelrivierasanbenedetto.it\/de\/inklusivleistungen\",\"url\":\"https:\/\/www.hotelrivierasanbenedetto.it\/de\/inklusivleistungen\",\"name\":\"Inklusivleistungen hotel San Benedetto del Tronto - Hotel Riviera\",\"isPartOf\":{\"@id\":\"https:\/\/www.hotelrivierasanbenedetto.it\/de\/#website\"},\"primaryImageOfPage\":{\"@id\":\"https:\/\/www.hotelrivierasanbenedetto.it\/de\/inklusivleistungen#primaryimage\"},\"image\":{\"@id\":\"https:\/\/www.hotelrivierasanbenedetto.it\/de\/inklusivleistungen#primaryimage\"},\"thumbnailUrl\":\"https:\/\/www.hotelrivierasanbenedetto.it\/de\/wp-content\/uploads\/sites\/3\/2015\/01\/cover-1.jpg\",\"datePublished\":\"2015-01-13T16:29:28+00:00\",\"dateModified\":\"2025-01-29T18:26:32+00:00\",\"description\":\"Das Riviera Hotel in San Benedetto del Tronto bietet seinen G\u00e4sten kostenlosen WLAN-Anschluss, Fahrradnutzung, Privatparkplatz.\",\"breadcrumb\":{\"@id\":\"https:\/\/www.hotelrivierasanbenedetto.it\/de\/inklusivleistungen#breadcrumb\"},\"inLanguage\":\"de-DE\",\"potentialAction\":[{\"@type\":\"ReadAction\",\"target\":[\"https:\/\/www.hotelrivierasanbenedetto.it\/de\/inklusivleistungen\"]}]},{\"@type\":\"ImageObject\",\"inLanguage\":\"de-DE\",\"@id\":\"https:\/\/www.hotelrivierasanbenedetto.it\/de\/inklusivleistungen#primaryimage\",\"url\":\"https:\/\/www.hotelrivierasanbenedetto.it\/de\/wp-content\/uploads\/sites\/3\/2015\/01\/cover-1.jpg\",\"contentUrl\":\"https:\/\/www.hotelrivierasanbenedetto.it\/de\/wp-content\/uploads\/sites\/3\/2015\/01\/cover-1.jpg\",\"width\":700,\"height\":400},{\"@type\":\"BreadcrumbList\",\"@id\":\"https:\/\/www.hotelrivierasanbenedetto.it\/de\/inklusivleistungen#breadcrumb\",\"itemListElement\":[{\"@type\":\"ListItem\",\"position\":1,\"name\":\"Home\",\"item\":\"https:\/\/www.hotelrivierasanbenedetto.it\/de\/\"},{\"@type\":\"ListItem\",\"position\":2,\"name\":\"Inklusivleistungen\"}]},{\"@type\":\"WebSite\",\"@id\":\"https:\/\/www.hotelrivierasanbenedetto.it\/de\/#website\",\"url\":\"https:\/\/www.hotelrivierasanbenedetto.it\/de\/\",\"name\":\"Hotel Riviera San Benedetto DE\",\"description\":\"Ecco un altro sito Hotel Riviera San Benedetto Siti\",\"potentialAction\":[{\"@type\":\"SearchAction\",\"target\":{\"@type\":\"EntryPoint\",\"urlTemplate\":\"https:\/\/www.hotelrivierasanbenedetto.it\/de\/?s={search_term_string}\"},\"query-input\":{\"@type\":\"PropertyValueSpecification\",\"valueRequired\":true,\"valueName\":\"search_term_string\"}}],\"inLanguage\":\"de-DE\"}]}<\/script>\n<!-- \/ Yoast SEO plugin. -->","yoast_head_json":{"title":"Inklusivleistungen hotel San Benedetto del Tronto - Hotel Riviera","description":"Das Riviera Hotel in San Benedetto del Tronto bietet seinen G\u00e4sten kostenlosen WLAN-Anschluss, Fahrradnutzung, Privatparkplatz.","robots":{"index":"index","follow":"follow","max-snippet":"max-snippet:-1","max-image-preview":"max-image-preview:large","max-video-preview":"max-video-preview:-1"},"canonical":"https:\/\/www.hotelrivierasanbenedetto.it\/de\/inklusivleistungen","og_locale":"de_DE","og_type":"article","og_title":"Inklusivleistungen hotel San Benedetto del Tronto - Hotel Riviera","og_description":"Das Riviera Hotel in San Benedetto del Tronto bietet seinen G\u00e4sten kostenlosen WLAN-Anschluss, Fahrradnutzung, Privatparkplatz.","og_url":"https:\/\/www.hotelrivierasanbenedetto.it\/de\/inklusivleistungen","og_site_name":"Hotel Riviera San Benedetto DE","article_modified_time":"2025-01-29T18:26:32+00:00","og_image":[{"width":700,"height":400,"url":"https:\/\/www.hotelrivierasanbenedetto.it\/de\/wp-content\/uploads\/sites\/3\/2015\/01\/cover-1.jpg","type":"image\/jpeg"}],"twitter_misc":{"Est. reading time":"1 minute"},"schema":{"@context":"https:\/\/schema.org","@graph":[{"@type":"WebPage","@id":"https:\/\/www.hotelrivierasanbenedetto.it\/de\/inklusivleistungen","url":"https:\/\/www.hotelrivierasanbenedetto.it\/de\/inklusivleistungen","name":"Inklusivleistungen hotel San Benedetto del Tronto - Hotel Riviera","isPartOf":{"@id":"https:\/\/www.hotelrivierasanbenedetto.it\/de\/#website"},"primaryImageOfPage":{"@id":"https:\/\/www.hotelrivierasanbenedetto.it\/de\/inklusivleistungen#primaryimage"},"image":{"@id":"https:\/\/www.hotelrivierasanbenedetto.it\/de\/inklusivleistungen#primaryimage"},"thumbnailUrl":"https:\/\/www.hotelrivierasanbenedetto.it\/de\/wp-content\/uploads\/sites\/3\/2015\/01\/cover-1.jpg","datePublished":"2015-01-13T16:29:28+00:00","dateModified":"2025-01-29T18:26:32+00:00","description":"Das Riviera Hotel in San Benedetto del Tronto bietet seinen G\u00e4sten kostenlosen WLAN-Anschluss, Fahrradnutzung, Privatparkplatz.","breadcrumb":{"@id":"https:\/\/www.hotelrivierasanbenedetto.it\/de\/inklusivleistungen#breadcrumb"},"inLanguage":"de-DE","potentialAction":[{"@type":"ReadAction","target":["https:\/\/www.hotelrivierasanbenedetto.it\/de\/inklusivleistungen"]}]},{"@type":"ImageObject","inLanguage":"de-DE","@id":"https:\/\/www.hotelrivierasanbenedetto.it\/de\/inklusivleistungen#primaryimage","url":"https:\/\/www.hotelrivierasanbenedetto.it\/de\/wp-content\/uploads\/sites\/3\/2015\/01\/cover-1.jpg","contentUrl":"https:\/\/www.hotelrivierasanbenedetto.it\/de\/wp-content\/uploads\/sites\/3\/2015\/01\/cover-1.jpg","width":700,"height":400},{"@type":"BreadcrumbList","@id":"https:\/\/www.hotelrivierasanbenedetto.it\/de\/inklusivleistungen#breadcrumb","itemListElement":[{"@type":"ListItem","position":1,"name":"Home","item":"https:\/\/www.hotelrivierasanbenedetto.it\/de\/"},{"@type":"ListItem","position":2,"name":"Inklusivleistungen"}]},{"@type":"WebSite","@id":"https:\/\/www.hotelrivierasanbenedetto.it\/de\/#website","url":"https:\/\/www.hotelrivierasanbenedetto.it\/de\/","name":"Hotel Riviera San Benedetto DE","description":"Ecco un altro sito Hotel Riviera San Benedetto Siti","potentialAction":[{"@type":"SearchAction","target":{"@type":"EntryPoint","urlTemplate":"https:\/\/www.hotelrivierasanbenedetto.it\/de\/?s={search_term_string}"},"query-input":{"@type":"PropertyValueSpecification","valueRequired":true,"valueName":"search_term_string"}}],"inLanguage":"de-DE"}]}},"_links":{"self":[{"href":"https:\/\/www.hotelrivierasanbenedetto.it\/de\/wp-json\/wp\/v2\/pages\/160","targetHints":{"allow":["GET"]}}],"collection":[{"href":"https:\/\/www.hotelrivierasanbenedetto.it\/de\/wp-json\/wp\/v2\/pages"}],"about":[{"href":"https:\/\/www.hotelrivierasanbenedetto.it\/de\/wp-json\/wp\/v2\/types\/page"}],"author":[{"embeddable":true,"href":"https:\/\/www.hotelrivierasanbenedetto.it\/de\/wp-json\/wp\/v2\/users\/1"}],"replies":[{"embeddable":true,"href":"https:\/\/www.hotelrivierasanbenedetto.it\/de\/wp-json\/wp\/v2\/comments?post=160"}],"version-history":[{"count":22,"href":"https:\/\/www.hotelrivierasanbenedetto.it\/de\/wp-json\/wp\/v2\/pages\/160\/revisions"}],"predecessor-version":[{"id":578,"href":"https:\/\/www.hotelrivierasanbenedetto.it\/de\/wp-json\/wp\/v2\/pages\/160\/revisions\/578"}],"wp:featuredmedia":[{"embeddable":true,"href":"https:\/\/www.hotelrivierasanbenedetto.it\/de\/wp-json\/wp\/v2\/media\/162"}],"wp:attachment":[{"href":"https:\/\/www.hotelrivierasanbenedetto.it\/de\/wp-json\/wp\/v2\/media?parent=160"}],"curies":[{"name":"wp","href":"https:\/\/api.w.org\/{rel}","templated":true}]}}